{"id":879,"date":"2025-09-17T03:05:39","date_gmt":"2025-09-17T03:05:39","guid":{"rendered":"https:\/\/drcuneydsevinc.com\/curriculum-vitae\/"},"modified":"2025-12-08T18:15:34","modified_gmt":"2025-12-08T18:15:34","slug":"curriculum-vitae","status":"publish","type":"page","link":"https:\/\/drcuneydsevinc.com\/en\/curriculum-vitae\/","title":{"rendered":"Curriculum Vitae"},"content":{"rendered":"\t\t<div data-elementor-type=\"wp-page\" data-elementor-id=\"879\" class=\"elementor elementor-879 elementor-417\">\n\t\t\t\t\t\t<section class=\"elementor-section elementor-top-section elementor-element elementor-element-a37163e pbmit-col-stretched-none pbmit-bg-color-over-image elementor-section-boxed elementor-section-height-default elementor-section-height-default\" data-id=\"a37163e\" data-element_type=\"section\" data-e-type=\"section\">\n\t\t\t\t\t\t<div class=\"elementor-container elementor-column-gap-default\">\n\t\t\t\t\t<div class=\"elementor-column elementor-col-100 elementor-top-column elementor-element elementor-element-3a4013f pbmit-bg-color-over-image\" data-id=\"3a4013f\" data-element_type=\"column\" data-e-type=\"column\">\n\t\t\t<div class=\"elementor-widget-wrap elementor-element-populated\">\n\t\t\t\t\t\t<div class=\"elementor-element elementor-element-98ec2c1 elementor-widget elementor-widget-spacer\" data-id=\"98ec2c1\" data-element_type=\"widget\" data-e-type=\"widget\" data-widget_type=\"spacer.default\">\n\t\t\t\t<div class=\"elementor-widget-container\">\n\t\t\t\t\t\t\t<div class=\"elementor-spacer\">\n\t\t\t<div class=\"elementor-spacer-inner\"><\/div>\n\t\t<\/div>\n\t\t\t\t\t\t<\/div>\n\t\t\t\t<\/div>\n\t\t\t\t\t<\/div>\n\t\t<\/div>\n\t\t\t\t\t<\/div>\n\t\t<\/section>\n\t\t\t\t<section class=\"elementor-section elementor-top-section elementor-element elementor-element-6782563 pbmit-col-stretched-none pbmit-bg-color-over-image elementor-section-boxed elementor-section-height-default elementor-section-height-default\" data-id=\"6782563\" data-element_type=\"section\" data-e-type=\"section\">\n\t\t\t\t\t\t<div class=\"elementor-container elementor-column-gap-default\">\n\t\t\t\t\t<div class=\"elementor-column elementor-col-33 elementor-top-column elementor-element elementor-element-8c46620 pbmit-bg-color-over-image\" data-id=\"8c46620\" data-element_type=\"column\" data-e-type=\"column\">\n\t\t\t<div class=\"elementor-widget-wrap\">\n\t\t\t\t\t\t\t<\/div>\n\t\t<\/div>\n\t\t\t\t<div class=\"elementor-column elementor-col-33 elementor-top-column elementor-element elementor-element-fe61f6d pbmit-bg-color-over-image\" data-id=\"fe61f6d\" data-element_type=\"column\" data-e-type=\"column\" data-settings=\"{&quot;background_background&quot;:&quot;classic&quot;}\">\n\t\t\t<div class=\"elementor-widget-wrap elementor-element-populated\">\n\t\t\t\t\t\t<div class=\"elementor-element elementor-element-a6f7df7 elementor-widget elementor-widget-text-editor\" data-id=\"a6f7df7\" data-element_type=\"widget\" data-e-type=\"widget\" data-widget_type=\"text-editor.default\">\n\t\t\t\t<div class=\"elementor-widget-container\">\n\t\t\t\t\t\t\t\t\t<div class=\"page-header\"><h1>Op. About Dr. C\u00fcneyd Sevin\u00e7<\/h1><\/div><div><p><strong>Doctor C\u00fcneyd Sevin\u00e7<\/strong> was born in Samsun in 1972. He is married and has two children.<\/p><p>After completing his primary and secondary education in Samsun, he graduated from Hacettepe University English Medical School in 1997. In 2002, he completed his urology residency at the Ministry of Health Okmeydan\u0131 Training and Research Hospital and became a specialist physician.<\/p><h2>Professional Experience and Profile<\/h2><p>As a Urology Specialist, he worked for 3 years at the <strong>Ministry of Health Okmeydan\u0131 Training and Research Hospital<\/strong>, and for 3 years at <strong>Istanbul Bilim University Florence Nightingale Hospital<\/strong>. Between <strong>2008-2018<\/strong>, he served at <strong>Medicana International Istanbul Hospital<\/strong> since its opening. From February 2018 to January 2022, he provided services at Liv Hospital Ulus.<\/p><p><strong>As of January 2022, he started serving patients in his private practice.<\/strong><\/p><p>During his specialist training, he had the opportunity for intensive education and practice in kidney, prostate, and bladder cancer treatment at the Ministry of Health Okmeydan\u0131 Training and Research Hospital, one of the leading centers in our country for urological cancer surgeries. He had the opportunity to work as an observer at MD Anderson Cancer Center in the USA, at the urology clinic of TUFT&#8217;s University in Boston, and at the Urological Cancer Institute of Bern University in Switzerland.<\/p><p>After completing his specialist training, he worked as a specialist physician at the same center for 3 years. During this time, he earned the European Urology Board Certification. Dr. C\u00fcneyd Sevin\u00e7 then worked at Istanbul Bilim University Florence Nightingale Hospital between 2005 and 2008 to receive training in robotic, laparoscopic, and endourological, minimally invasive surgery. At this center, where robotic and laparoscopic surgery was first implemented in our country, he also received training in endoscopic stone and prostate disease treatments.<\/p><p>He provides treatment services for urological cancers, urological stone diseases, and diseases requiring conventional and minimally invasive urological surgery using advanced and modern tools.<br><br><strong>As of January 2022, following his private practice at Vital Fulya Plaza, he also started serving patients in Beylikd\u00fcz\u00fc Ginza Lavinya Park as of September 2023.<\/strong><\/p><\/div>\t\t\t\t\t\t\t\t<\/div>\n\t\t\t\t<\/div>\n\t\t\t\t\t<\/div>\n\t\t<\/div>\n\t\t\t\t<div class=\"elementor-column elementor-col-33 elementor-top-column elementor-element elementor-element-d5d612f pbmit-bg-color-over-image\" data-id=\"d5d612f\" data-element_type=\"column\" data-e-type=\"column\">\n\t\t\t<div class=\"elementor-widget-wrap\">\n\t\t\t\t\t\t\t<\/div>\n\t\t<\/div>\n\t\t\t\t\t<\/div>\n\t\t<\/section>\n\t\t\t\t<\/div>\n\t\t","protected":false},"excerpt":{"rendered":"<p>Op. About Dr. C\u00fcneyd Sevin\u00e7 Doctor C\u00fcneyd Sevin\u00e7 was born in Samsun in 1972. He is married and has two children. After completing his primary and secondary education in Samsun, he graduated from Hacettepe University English Medical School in 1997. In 2002, he completed his urology residency at the Ministry of Health Okmeydan\u0131 Training and [&hellip;]<\/p>\n","protected":false},"author":1,"featured_media":0,"parent":0,"menu_order":0,"comment_status":"closed","ping_status":"closed","template":"","meta":{"_acf_changed":false,"inline_featured_image":false,"_joinchat":[],"footnotes":""},"class_list":["post-879","page","type-page","status-publish","hentry"],"acf":[],"_links":{"self":[{"href":"https:\/\/drcuneydsevinc.com\/en\/wp-json\/wp\/v2\/pages\/879","targetHints":{"allow":["GET"]}}],"collection":[{"href":"https:\/\/drcuneydsevinc.com\/en\/wp-json\/wp\/v2\/pages"}],"about":[{"href":"https:\/\/drcuneydsevinc.com\/en\/wp-json\/wp\/v2\/types\/page"}],"author":[{"embeddable":true,"href":"https:\/\/drcuneydsevinc.com\/en\/wp-json\/wp\/v2\/users\/1"}],"replies":[{"embeddable":true,"href":"https:\/\/drcuneydsevinc.com\/en\/wp-json\/wp\/v2\/comments?post=879"}],"version-history":[{"count":1,"href":"https:\/\/drcuneydsevinc.com\/en\/wp-json\/wp\/v2\/pages\/879\/revisions"}],"predecessor-version":[{"id":880,"href":"https:\/\/drcuneydsevinc.com\/en\/wp-json\/wp\/v2\/pages\/879\/revisions\/880"}],"wp:attachment":[{"href":"https:\/\/drcuneydsevinc.com\/en\/wp-json\/wp\/v2\/media?parent=879"}],"curies":[{"name":"wp","href":"https:\/\/api.w.org\/{rel}","templated":true}]}}