{"id":947,"date":"2023-09-15T05:02:30","date_gmt":"2023-09-15T05:02:30","guid":{"rendered":"https:\/\/drcuneydsevinc.com\/%d8%aa%d9%88%d8%a7%d8%b5%d9%84-%d9%85%d8%b9%d9%86%d8%a7\/"},"modified":"2026-02-04T08:27:31","modified_gmt":"2026-02-04T08:27:31","slug":"%d8%aa%d9%88%d8%a7%d8%b5%d9%84-%d9%85%d8%b9%d9%86%d8%a7","status":"publish","type":"page","link":"https:\/\/drcuneydsevinc.com\/ar\/%d8%aa%d9%88%d8%a7%d8%b5%d9%84-%d9%85%d8%b9%d9%86%d8%a7\/","title":{"rendered":"\u062a\u0648\u0627\u0635\u0644 \u0645\u0639\u0646\u0627"},"content":{"rendered":"\t\t<div data-elementor-type=\"wp-page\" data-elementor-id=\"947\" class=\"elementor elementor-947 elementor-79\">\n\t\t\t\t\t\t<section class=\"elementor-section elementor-top-section elementor-element elementor-element-ac345fc pbmit-col-stretched-none pbmit-bg-color-over-image elementor-section-boxed elementor-section-height-default elementor-section-height-default\" data-id=\"ac345fc\" data-element_type=\"section\" data-e-type=\"section\">\n\t\t\t\t\t\t<div class=\"elementor-container elementor-column-gap-no\">\n\t\t\t\t\t<div class=\"elementor-column elementor-col-33 elementor-top-column elementor-element elementor-element-0f1a7a4 pbmit-bg-color-over-image\" data-id=\"0f1a7a4\" data-element_type=\"column\" data-e-type=\"column\">\n\t\t\t<div class=\"elementor-widget-wrap elementor-element-populated\">\n\t\t\t\t\t\t<div class=\"elementor-element elementor-element-324de0b elementor-widget elementor-widget-pbmit_icon_heading\" data-id=\"324de0b\" data-element_type=\"widget\" data-e-type=\"widget\" data-widget_type=\"pbmit_icon_heading.default\">\n\t\t\t\t<div class=\"elementor-widget-container\">\n\t\t\t\t\t<div class=\"pbmit-ihbox pbmit-ihbox-style-15\"><div class=\"pbmit-ihbox-box\">\r\n\t<div class=\"pbmit-icon-wrap d-flex align-items-center\">\r\n\t\t<div class=\"pbmit-ihbox-icon\"><div class=\"pbmit-ihbox-icon-wrapper pbmit-ihbox-icon-type-icon\"><div class=\"pbmit-icon-wrapper pbmit-icon-type-icon\"><i class=\"pbmit-xcare-icon pbmit-xcare-icon-placeholder\"><\/i><\/div><\/div><\/div>\t\t\t\t\t<\/div>\r\n\t<h2 class=\"pbmit-element-title\">\u0627\u0644\u0639\u0646\u0648\u0627\u0646<\/h2>\t<div class=\"pbmit-content-wrapper\">\r\n\t\t\t\t<div class=\"pbmit-heading-desc\">Bar\u0131\u015f Mah. Belediye Cad.<br> Ginza Lavinya Park A Blok No: 30 Kat: 9 Daire: 80 Beylikd\u00fcz\u00fc\/\u0130stanbul\n(Beylikd\u00fcz\u00fc Metrob\u00fcs Dura\u011f\u0131na 5 dk. mesafede Halk Bankas\u0131n\u0131n oldu\u011fu bina)<\/div>\t<\/div>\t\r\n<\/div>\r\n<\/div>\t\t\t\t<\/div>\n\t\t\t\t<\/div>\n\t\t\t\t\t<\/div>\n\t\t<\/div>\n\t\t\t\t<div class=\"elementor-column elementor-col-33 elementor-top-column elementor-element elementor-element-4acc223 pbmit-bg-color-over-image\" data-id=\"4acc223\" data-element_type=\"column\" data-e-type=\"column\">\n\t\t\t<div class=\"elementor-widget-wrap elementor-element-populated\">\n\t\t\t\t\t\t<div class=\"elementor-element elementor-element-dd109fa elementor-widget elementor-widget-pbmit_icon_heading\" data-id=\"dd109fa\" data-element_type=\"widget\" data-e-type=\"widget\" data-widget_type=\"pbmit_icon_heading.default\">\n\t\t\t\t<div class=\"elementor-widget-container\">\n\t\t\t\t\t<div class=\"pbmit-ihbox pbmit-ihbox-style-15\"><div class=\"pbmit-ihbox-box\">\r\n\t<div class=\"pbmit-icon-wrap d-flex align-items-center\">\r\n\t\t<div class=\"pbmit-ihbox-icon\"><div class=\"pbmit-ihbox-icon-wrapper pbmit-ihbox-icon-type-icon\"><div class=\"pbmit-icon-wrapper pbmit-icon-type-icon\"><i class=\"pbmit-xcare-icon pbmit-xcare-icon-phone-call\"><\/i><\/div><\/div><\/div>\t\t\t\t\t<\/div>\r\n\t<h2 class=\"pbmit-element-title\">\u0627\u0644\u0647\u0627\u062a\u0641<\/h2>\t<div class=\"pbmit-content-wrapper\">\r\n\t\t\t\t<div class=\"pbmit-heading-desc\">\n\n\nWhatsapp: 00905317657111\n<br> <br>\n\u0623\u064a\u0627\u0645 \u0627\u0644\u0623\u0633\u0628\u0648\u0639: 08:30 \u2013 17:00\n<br> \u0639\u0637\u0644\u0627\u062a \u0646\u0647\u0627\u064a\u0629 \u0627\u0644\u0623\u0633\u0628\u0648\u0639: \u0645\u063a\u0644\u0642<\/div>\t<\/div>\t\r\n<\/div>\r\n<div class=\"pbmit-ihbox-btn\"><a title=\"\u0648\u0627\u062a\u0633\u0627\u0628\" href=\"https:\/\/wa.me\/905317657111\"><span class=\"pbmit-button-text\">\u0648\u0627\u062a\u0633\u0627\u0628<\/span><span class=\"pbmit-button-icon-wrapper\"><span class=\"pbmit-button-icon\"><i class=\"pbmit-base-icon-black-arrow-1\"><\/i><\/span><\/span><\/a><\/div><\/div>\t\t\t\t<\/div>\n\t\t\t\t<\/div>\n\t\t\t\t\t<\/div>\n\t\t<\/div>\n\t\t\t\t<div class=\"elementor-column elementor-col-33 elementor-top-column elementor-element elementor-element-45d6b0c pbmit-bg-color-over-image\" data-id=\"45d6b0c\" data-element_type=\"column\" data-e-type=\"column\">\n\t\t\t<div class=\"elementor-widget-wrap elementor-element-populated\">\n\t\t\t\t\t\t<div class=\"elementor-element elementor-element-15c959f elementor-widget elementor-widget-pbmit_icon_heading\" data-id=\"15c959f\" data-element_type=\"widget\" data-e-type=\"widget\" data-widget_type=\"pbmit_icon_heading.default\">\n\t\t\t\t<div class=\"elementor-widget-container\">\n\t\t\t\t\t<div class=\"pbmit-ihbox pbmit-ihbox-style-15\"><div class=\"pbmit-ihbox-box\">\r\n\t<div class=\"pbmit-icon-wrap d-flex align-items-center\">\r\n\t\t<div class=\"pbmit-ihbox-icon\"><div class=\"pbmit-ihbox-icon-wrapper pbmit-ihbox-icon-type-icon\"><div class=\"pbmit-icon-wrapper pbmit-icon-type-icon\"><i class=\"pbmit-xcare-icon pbmit-xcare-icon-email\"><\/i><\/div><\/div><\/div>\t\t\t\t\t<\/div>\r\n\t<h2 class=\"pbmit-element-title\">\u0627\u0644\u0628\u0631\u064a\u062f \u0627\u0644\u0625\u0644\u0643\u062a\u0631\u0648\u0646\u064a<\/h2>\t<div class=\"pbmit-content-wrapper\">\r\n\t\t\t\t<div class=\"pbmit-heading-desc\">info@drcuneydsevinc.com<\/div>\t<\/div>\t\r\n<\/div>\r\n<div class=\"pbmit-ihbox-btn\"><a title=\"\u0627\u0642\u0631\u0623 \u0627\u0644\u0645\u0632\u064a\u062f\" href=\"mailto:info@drcuneydsevinc.com\"><span class=\"pbmit-button-text\">\u0627\u0642\u0631\u0623 \u0627\u0644\u0645\u0632\u064a\u062f<\/span><span class=\"pbmit-button-icon-wrapper\"><span class=\"pbmit-button-icon\"><i class=\"pbmit-base-icon-black-arrow-1\"><\/i><\/span><\/span><\/a><\/div><\/div>\t\t\t\t<\/div>\n\t\t\t\t<\/div>\n\t\t\t\t\t<\/div>\n\t\t<\/div>\n\t\t\t\t\t<\/div>\n\t\t<\/section>\n\t\t\t\t<div class=\"elementor-section elementor-top-section elementor-element elementor-element-9db8c18 elementor-section-full_width elementor-section-stretched pbmit-google-map pbmit-col-stretched-none pbmit-bg-color-over-image elementor-section-height-default elementor-section-height-default\" data-id=\"9db8c18\" data-element_type=\"section\" data-e-type=\"section\" data-settings=\"{&quot;stretch_section&quot;:&quot;section-stretched&quot;}\">\n\t\t\t\t\t\t<div class=\"elementor-container elementor-column-gap-no\">\n\t\t\t\t\t<div class=\"elementor-column elementor-col-100 elementor-top-column elementor-element elementor-element-aa00f91 pbmit-bg-color-over-image\" data-id=\"aa00f91\" data-element_type=\"column\" data-e-type=\"column\">\n\t\t\t<div class=\"elementor-widget-wrap elementor-element-populated\">\n\t\t\t\t\t\t<div class=\"elementor-element elementor-element-7ff53a3 elementor-widget elementor-widget-google_maps\" data-id=\"7ff53a3\" data-element_type=\"widget\" data-e-type=\"widget\" data-widget_type=\"google_maps.default\">\n\t\t\t\t<div class=\"elementor-widget-container\">\n\t\t\t\t\t\t\t<div class=\"elementor-custom-embed\">\n\t\t\t<iframe loading=\"lazy\"\n\t\t\t\t\tsrc=\"https:\/\/maps.google.com\/maps?q=Dr.%20C%C3%BCneyd%20Sevin%C3%A7%20%7C%20Varikosel%20Ameliyat%C4%B1%2C%20Kronik%20Prostatit%2C%20Kronik%20Sistit%2C%20Rezum%20Tedavisi%2C%20Prostat%20F%C3%BCzyon%20Biyopsi%2C%20HPV&#038;t=m&#038;z=13&#038;output=embed&#038;iwloc=near\"\n\t\t\t\t\ttitle=\"Dr. C\u00fcneyd Sevin\u00e7 | Varikosel Ameliyat\u0131, Kronik Prostatit, Kronik Sistit, Rezum Tedavisi, Prostat F\u00fczyon Biyopsi, HPV\"\n\t\t\t\t\taria-label=\"Dr. C\u00fcneyd Sevin\u00e7 | Varikosel Ameliyat\u0131, Kronik Prostatit, Kronik Sistit, Rezum Tedavisi, Prostat F\u00fczyon Biyopsi, HPV\"\n\t\t\t><\/iframe>\n\t\t<\/div>\n\t\t\t\t\t\t<\/div>\n\t\t\t\t<\/div>\n\t\t\t\t\t<\/div>\n\t\t<\/div>\n\t\t\t\t\t<\/div>\n\t\t<\/div>\n\t\t\t\t<\/div>\n\t\t","protected":false},"excerpt":{"rendered":"<p>\u0627\u0644\u0639\u0646\u0648\u0627\u0646 Bar\u0131\u015f Mah. Belediye Cad. Ginza Lavinya Park A Blok No: 30 Kat: 9 Daire: 80 Beylikd\u00fcz\u00fc\/\u0130stanbul (Beylikd\u00fcz\u00fc Metrob\u00fcs Dura\u011f\u0131na 5 dk. mesafede Halk Bankas\u0131n\u0131n oldu\u011fu bina) \u0627\u0644\u0647\u0627\u062a\u0641 Whatsapp: 00905317657111 \u0623\u064a\u0627\u0645 \u0627\u0644\u0623\u0633\u0628\u0648\u0639: 08:30 \u2013 17:00 \u0639\u0637\u0644\u0627\u062a \u0646\u0647\u0627\u064a\u0629 \u0627\u0644\u0623\u0633\u0628\u0648\u0639: \u0645\u063a\u0644\u0642 \u0648\u0627\u062a\u0633\u0627\u0628 \u0627\u0644\u0628\u0631\u064a\u062f \u0627\u0644\u0625\u0644\u0643\u062a\u0631\u0648\u0646\u064a info@drcuneydsevinc.com \u0627\u0642\u0631\u0623 \u0627\u0644\u0645\u0632\u064a\u062f<\/p>\n","protected":false},"author":1,"featured_media":0,"parent":0,"menu_order":35,"comment_status":"closed","ping_status":"closed","template":"","meta":{"_acf_changed":false,"inline_featured_image":false,"_joinchat":[],"footnotes":""},"class_list":["post-947","page","type-page","status-publish","hentry"],"acf":[],"_links":{"self":[{"href":"https:\/\/drcuneydsevinc.com\/ar\/wp-json\/wp\/v2\/pages\/947","targetHints":{"allow":["GET"]}}],"collection":[{"href":"https:\/\/drcuneydsevinc.com\/ar\/wp-json\/wp\/v2\/pages"}],"about":[{"href":"https:\/\/drcuneydsevinc.com\/ar\/wp-json\/wp\/v2\/types\/page"}],"author":[{"embeddable":true,"href":"https:\/\/drcuneydsevinc.com\/ar\/wp-json\/wp\/v2\/users\/1"}],"replies":[{"embeddable":true,"href":"https:\/\/drcuneydsevinc.com\/ar\/wp-json\/wp\/v2\/comments?post=947"}],"version-history":[{"count":16,"href":"https:\/\/drcuneydsevinc.com\/ar\/wp-json\/wp\/v2\/pages\/947\/revisions"}],"predecessor-version":[{"id":1150,"href":"https:\/\/drcuneydsevinc.com\/ar\/wp-json\/wp\/v2\/pages\/947\/revisions\/1150"}],"wp:attachment":[{"href":"https:\/\/drcuneydsevinc.com\/ar\/wp-json\/wp\/v2\/media?parent=947"}],"curies":[{"name":"wp","href":"https:\/\/api.w.org\/{rel}","templated":true}]}}