{"id":911,"date":"2025-09-17T03:05:39","date_gmt":"2025-09-17T03:05:39","guid":{"rendered":"https:\/\/drcuneydsevinc.com\/%d8%b3%d9%8a%d8%b1%d8%a9-%d8%b0%d8%a7%d8%aa%d9%8a%d8%a9\/"},"modified":"2025-12-09T09:39:38","modified_gmt":"2025-12-09T09:39:38","slug":"%d8%b3%d9%8a%d8%b1%d8%a9-%d8%b0%d8%a7%d8%aa%d9%8a%d8%a9","status":"publish","type":"page","link":"https:\/\/drcuneydsevinc.com\/ar\/%d8%b3%d9%8a%d8%b1%d8%a9-%d8%b0%d8%a7%d8%aa%d9%8a%d8%a9\/","title":{"rendered":"\u0633\u064a\u0631\u0629 \u0630\u0627\u062a\u064a\u0629"},"content":{"rendered":"\t\t<div data-elementor-type=\"wp-page\" data-elementor-id=\"911\" class=\"elementor elementor-911 elementor-417\">\n\t\t\t\t\t\t<section class=\"elementor-section elementor-top-section elementor-element elementor-element-a37163e pbmit-col-stretched-none pbmit-bg-color-over-image elementor-section-boxed elementor-section-height-default elementor-section-height-default\" data-id=\"a37163e\" data-element_type=\"section\" data-e-type=\"section\">\n\t\t\t\t\t\t<div class=\"elementor-container elementor-column-gap-default\">\n\t\t\t\t\t<div class=\"elementor-column elementor-col-100 elementor-top-column elementor-element elementor-element-3a4013f pbmit-bg-color-over-image\" data-id=\"3a4013f\" data-element_type=\"column\" data-e-type=\"column\">\n\t\t\t<div class=\"elementor-widget-wrap elementor-element-populated\">\n\t\t\t\t\t\t<div class=\"elementor-element elementor-element-98ec2c1 elementor-widget elementor-widget-spacer\" data-id=\"98ec2c1\" data-element_type=\"widget\" data-e-type=\"widget\" data-widget_type=\"spacer.default\">\n\t\t\t\t<div class=\"elementor-widget-container\">\n\t\t\t\t\t\t\t<div class=\"elementor-spacer\">\n\t\t\t<div class=\"elementor-spacer-inner\"><\/div>\n\t\t<\/div>\n\t\t\t\t\t\t<\/div>\n\t\t\t\t<\/div>\n\t\t\t\t\t<\/div>\n\t\t<\/div>\n\t\t\t\t\t<\/div>\n\t\t<\/section>\n\t\t\t\t<section class=\"elementor-section elementor-top-section elementor-element elementor-element-6782563 pbmit-col-stretched-none pbmit-bg-color-over-image elementor-section-boxed elementor-section-height-default elementor-section-height-default\" data-id=\"6782563\" data-element_type=\"section\" data-e-type=\"section\">\n\t\t\t\t\t\t<div class=\"elementor-container elementor-column-gap-default\">\n\t\t\t\t\t<div class=\"elementor-column elementor-col-33 elementor-top-column elementor-element elementor-element-8c46620 pbmit-bg-color-over-image\" data-id=\"8c46620\" data-element_type=\"column\" data-e-type=\"column\">\n\t\t\t<div class=\"elementor-widget-wrap\">\n\t\t\t\t\t\t\t<\/div>\n\t\t<\/div>\n\t\t\t\t<div class=\"elementor-column elementor-col-33 elementor-top-column elementor-element elementor-element-fe61f6d pbmit-bg-color-over-image\" data-id=\"fe61f6d\" data-element_type=\"column\" data-e-type=\"column\" data-settings=\"{&quot;background_background&quot;:&quot;classic&quot;}\">\n\t\t\t<div class=\"elementor-widget-wrap elementor-element-populated\">\n\t\t\t\t\t\t<div class=\"elementor-element elementor-element-a6f7df7 elementor-widget elementor-widget-text-editor\" data-id=\"a6f7df7\" data-element_type=\"widget\" data-e-type=\"widget\" data-widget_type=\"text-editor.default\">\n\t\t\t\t<div class=\"elementor-widget-container\">\n\t\t\t\t\t\t\t\t\t<div class=\"page-header\"><h1>\u0637\u0628\u064a\u0628 \u064a\u0639\u0645\u0644 Dr. C\u00fcneyd Sevin\u00e7 \u0639\u0646<\/h1><\/div><div><p>\u0648\u0644\u062f \u0627\u0644\u062f\u0643\u062a\u0648\u0631 \u062c\u0646\u064a\u062f \u0633\u064a\u0641\u064a\u0646\u062a\u0634 \u0641\u064a \u0645\u062f\u064a\u0646\u0629 \u0633\u0627\u0645\u0633\u0648\u0646 \u0639\u0627\u0645 <strong>1972<\/strong>. \u0648\u0647\u0648 \u0645\u062a\u0632\u0648\u062c \u0648\u0644\u062f\u064a\u0647 \u0637\u0641\u0644\u064a\u0646.<\/p><p>\u0628\u0639\u062f \u0623\u0646 \u0623\u0643\u0645\u0644 \u062a\u0639\u0644\u064a\u0645\u0647 \u0627\u0644\u0627\u0628\u062a\u062f\u0627\u0626\u064a \u0648\u0627\u0644\u062b\u0627\u0646\u0648\u064a \u0641\u064a \u0633\u0627\u0645\u0633\u0648\u0646\u060c \u062a\u062e\u0631\u062c \u0645\u0646 \u0643\u0644\u064a\u0629 \u0627\u0644\u0637\u0628 \u0628\u062c\u0627\u0645\u0639\u0629 \u0647\u0627\u062c\u064a\u062a\u064a\u0628\u064a \u0628\u0627\u0644\u0644\u063a\u0629 \u0627\u0644\u0625\u0646\u062c\u0644\u064a\u0632\u064a\u0629 \u0641\u064a \u0639\u0627\u0645 1997. \u0641\u064a \u0639\u0627\u0645 2002\u060c \u0623\u0643\u0645\u0644 \u062a\u062e\u0635\u0635\u0647 \u0641\u064a \u062c\u0631\u0627\u062d\u0629 \u0627\u0644\u0645\u0633\u0627\u0644\u0643 \u0627\u0644\u0628\u0648\u0644\u064a\u0629 \u0641\u064a \u0645\u0633\u062a\u0634\u0641\u0649 SB Okmeydan\u0131 \u0644\u0644\u062a\u062f\u0631\u064a\u0628 \u0648\u0627\u0644\u0628\u062d\u062b \u0648\u0623\u0635\u0628\u062d \u0637\u0628\u064a\u0628\u064b\u0627 \u0645\u062a\u062e\u0635\u0635\u064b\u0627.<\/p><h2>\u0627\u0644\u062e\u0628\u0631\u0629 \u0627\u0644\u0645\u0647\u0646\u064a\u0629 \u0648\u0627\u0644\u0645\u0644\u0641 \u0627\u0644\u0634\u062e\u0635\u064a<\/h2><p>\u0639\u0645\u0644 \u0623\u062e\u0635\u0627\u0626\u064a\u064b\u0627 \u0641\u064a \u062c\u0631\u0627\u062d\u0629 \u0627\u0644\u0645\u0633\u0627\u0644\u0643 \u0627\u0644\u0628\u0648\u0644\u064a\u0629 \u0641\u064a \u0645\u0633\u062a\u0634\u0641\u0649 \u0625\u0633 \u0628\u064a \u0623\u0648\u0643\u0645\u064a\u062f\u0627\u0646\u064a \u0644\u0644\u062a\u062f\u0631\u064a\u0628 \u0648\u0627\u0644\u0628\u062d\u062b \u0644\u0645\u062f\u0629 \u062b\u0644\u0627\u062b \u0633\u0646\u0648\u0627\u062a\u060c \u0648\u0641\u064a \u0645\u0633\u062a\u0634\u0641\u0649 \u0641\u0644\u0648\u0631\u0646\u0633 \u0646\u0627\u064a\u062a\u0646\u062c\u064a\u0644 \u0627\u0644\u062a\u0627\u0628\u0639 \u0644\u062c\u0627\u0645\u0639\u0629 \u0625\u0633\u0637\u0646\u0628\u0648\u0644 \u0644\u0644\u0639\u0644\u0648\u0645 \u0644\u0645\u062f\u0629 \u062b\u0644\u0627\u062b \u0633\u0646\u0648\u0627\u062a \u0623\u064a\u0636\u064b\u0627. \u0643\u0645\u0627 \u0639\u0645\u0644 \u0641\u064a \u0645\u0633\u062a\u0634\u0641\u0649 \u0645\u064a\u062f\u064a\u0643\u0627\u0646\u0627 \u0627\u0644\u062f\u0648\u0644\u064a \u0641\u064a \u0625\u0633\u0637\u0646\u0628\u0648\u0644 \u0645\u0646\u0630 \u0627\u0641\u062a\u062a\u0627\u062d\u0647 \u0628\u064a\u0646 \u0639\u0627\u0645\u064a \u0662\u0660\u0660\u0668 \u0648\u0662\u0660\u0661\u0668. \u062e\u062f\u0645 \u0641\u064a \u0645\u0633\u062a\u0634\u0641\u0649 \u0644\u064a\u0641 \u0623\u0648\u0644\u0648\u0633 \u0645\u0646 \u0641\u0628\u0631\u0627\u064a\u0631 2018 \u0625\u0644\u0649 \u064a\u0646\u0627\u064a\u0631 2022.<\/p><p><strong>\u0627\u0639\u062a\u0628\u0627\u0631\u064b\u0627 \u0645\u0646 \u064a\u0646\u0627\u064a\u0631 2022\u060c \u0628\u062f\u0623 \u0641\u064a \u062e\u062f\u0645\u0629 \u0645\u0631\u0636\u0627\u0647 \u0641\u064a \u0639\u064a\u0627\u062f\u062a\u0647 \u0627\u0644\u062e\u0627\u0635\u0629.<\/strong><\/p><p>\u062e\u0644\u0627\u0644 \u0641\u062a\u0631\u0629 \u062a\u062f\u0631\u064a\u0628\u0647 \u0627\u0644\u062a\u062e\u0635\u0635\u064a\u060c \u0623\u062a\u064a\u062d\u062a \u0644\u0647 \u0627\u0644\u0641\u0631\u0635\u0629 \u0644\u062a\u0644\u0642\u064a \u062a\u062f\u0631\u064a\u0628 \u0645\u0643\u062b\u0641 \u0648\u0645\u0645\u0627\u0631\u0633\u0629 \u0641\u064a \u0639\u0644\u0627\u062c \u0633\u0631\u0637\u0627\u0646 \u0627\u0644\u0643\u0644\u0649 \u0648\u0627\u0644\u0628\u0631\u0648\u0633\u062a\u0627\u062a \u0648\u0627\u0644\u0645\u062b\u0627\u0646\u0629 \u0641\u064a \u0645\u0633\u062a\u0634\u0641\u0649 SB Okmeydan\u0131 \u0644\u0644\u062a\u062f\u0631\u064a\u0628 \u0648\u0627\u0644\u0628\u062d\u062b\u060c \u0648\u0647\u0648 \u0623\u062d\u062f \u0627\u0644\u0645\u0631\u0627\u0643\u0632 \u0627\u0644\u0631\u0627\u0626\u062f\u0629 \u0641\u064a \u0628\u0644\u062f\u0646\u0627 \u0641\u064a \u062c\u0631\u0627\u062d\u0629 \u0633\u0631\u0637\u0627\u0646 \u0627\u0644\u0645\u0633\u0627\u0644\u0643 \u0627\u0644\u0628\u0648\u0644\u064a\u0629. \u0623\u062a\u064a\u062d\u062a \u0644\u0647 \u0627\u0644\u0641\u0631\u0635\u0629 \u0644\u0644\u0639\u0645\u0644 \u0643\u0645\u0631\u0627\u0642\u0628 \u0641\u064a \u0645\u0631\u0643\u0632 \u0625\u0645 \u062f\u064a \u0623\u0646\u062f\u0631\u0633\u0648\u0646 \u0644\u0644\u0633\u0631\u0637\u0627\u0646 \u0641\u064a \u0627\u0644\u0648\u0644\u0627\u064a\u0627\u062a \u0627\u0644\u0645\u062a\u062d\u062f\u0629\u060c \u0648\u0639\u064a\u0627\u062f\u0629 \u0627\u0644\u0645\u0633\u0627\u0644\u0643 \u0627\u0644\u0628\u0648\u0644\u064a\u0629 \u0641\u064a \u062c\u0627\u0645\u0639\u0629 TUFT \u0641\u064a \u0628\u0648\u0633\u0637\u0646\u060c \u0648\u0645\u0639\u0647\u062f \u0633\u0631\u0637\u0627\u0646 \u0627\u0644\u0645\u0633\u0627\u0644\u0643 \u0627\u0644\u0628\u0648\u0644\u064a\u0629 \u0641\u064a \u062c\u0627\u0645\u0639\u0629 \u0628\u0631\u0646 \u0641\u064a \u0633\u0648\u064a\u0633\u0631\u0627.<\/p><p>\u0648\u0628\u0639\u062f \u0623\u0646 \u0623\u0643\u0645\u0644 \u062a\u062f\u0631\u064a\u0628\u0647 \u0627\u0644\u062a\u062e\u0635\u0635\u064a\u060c \u0639\u0645\u0644 \u0643\u0637\u0628\u064a\u0628 \u0645\u062a\u062e\u0635\u0635 \u0641\u064a \u0646\u0641\u0633 \u0627\u0644\u0645\u0631\u0643\u0632 \u0644\u0645\u062f\u0629 3 \u0633\u0646\u0648\u0627\u062a. \u062e\u0644\u0627\u0644 \u0647\u0630\u0647 \u0627\u0644\u0641\u062a\u0631\u0629\u060c \u062d\u0635\u0644 \u0639\u0644\u0649 \u0634\u0647\u0627\u062f\u0629 \u0627\u0644\u0645\u062c\u0644\u0633 \u0627\u0644\u0623\u0648\u0631\u0648\u0628\u064a \u0644\u062c\u0631\u0627\u062d\u0629 \u0627\u0644\u0645\u0633\u0627\u0644\u0643 \u0627\u0644\u0628\u0648\u0644\u064a\u0629. \u0639\u0645\u0644 \u0627\u0644\u062f\u0643\u062a\u0648\u0631 \u062c\u0648\u0646\u064a\u062f \u0633\u064a\u0641\u064a\u0646\u0634 \u0641\u064a \u0645\u0633\u062a\u0634\u0641\u0649 \u0641\u0644\u0648\u0631\u0646\u0633 \u0646\u0627\u064a\u062a\u0646\u062c\u064a\u0644 \u0627\u0644\u062a\u0627\u0628\u0639 \u0644\u062c\u0627\u0645\u0639\u0629 \u0625\u0633\u0637\u0646\u0628\u0648\u0644 \u0644\u0644\u0639\u0644\u0648\u0645 \u0628\u064a\u0646 \u0639\u0627\u0645\u064a 2005 \u06482008 \u0644\u062a\u0644\u0642\u064a \u0627\u0644\u062a\u062f\u0631\u064a\u0628 \u0641\u064a \u0627\u0644\u062c\u0631\u0627\u062d\u0629 \u0627\u0644\u0631\u0648\u0628\u0648\u062a\u064a\u0629\u060c \u0648\u062c\u0631\u0627\u062d\u0629 \u0627\u0644\u0645\u0646\u0627\u0638\u064a\u0631\u060c \u0648\u062c\u0631\u0627\u062d\u0629 \u0627\u0644\u0645\u0633\u0627\u0644\u0643 \u0627\u0644\u0628\u0648\u0644\u064a\u0629\u060c \u0648\u0627\u0644\u062c\u0631\u0627\u062d\u0629 \u0627\u0644\u0623\u0642\u0644 \u062a\u0648\u063a\u0644\u0627\u064b. \u0643\u0645\u0627 \u062a\u0644\u0642\u0649 \u062a\u062f\u0631\u064a\u0628\u0627\u064b \u0641\u064a \u0639\u0644\u0627\u062c \u062d\u0635\u0648\u0627\u062a \u0627\u0644\u0628\u0631\u0648\u0633\u062a\u0627\u062a\u0627 \u0628\u0627\u0644\u0645\u0646\u0638\u0627\u0631 \u0641\u064a \u0647\u0630\u0627 \u0627\u0644\u0645\u0631\u0643\u0632\u060c \u062d\u064a\u062b \u062a\u0645 \u062a\u0637\u0628\u064a\u0642 \u0627\u0644\u062c\u0631\u0627\u062d\u0629 \u0627\u0644\u0631\u0648\u0628\u0648\u062a\u064a\u0629 \u0648\u0627\u0644\u062c\u0631\u0627\u062d\u0629 \u0628\u0627\u0644\u0645\u0646\u0638\u0627\u0631 \u0644\u0623\u0648\u0644 \u0645\u0631\u0629 \u0641\u064a \u0628\u0644\u0627\u062f\u0646\u0627.<\/p><p>Geli\u015fmi\u015f ve modern ara\u00e7lar\u0131n\u0131n kullan\u0131m\u0131 ile \u00fcrolojik kanserler, \u00fcrolojik ta\u015f hastal\u0131klar\u0131, konvansiyonel ve minimal invazif \u00fcrolojik cerrahi gerektiren hastal\u0131klarda tedavi hizmeti vermektedir.<br><br><strong>Ocak 2022 tarihi itibariyle Vital Fulya Plaza&#8217;daki \u00f6zel muayenehanesinin ard\u0131ndan Eyl\u00fcl 2023 itibariyle de Beylikd\u00fcz\u00fc Ginza Lavinya Park&#8217;ta hastalar\u0131na hizmet vermeye ba\u015flam\u0131\u015ft\u0131r.<\/strong><\/p><\/div>\t\t\t\t\t\t\t\t<\/div>\n\t\t\t\t<\/div>\n\t\t\t\t\t<\/div>\n\t\t<\/div>\n\t\t\t\t<div class=\"elementor-column elementor-col-33 elementor-top-column elementor-element elementor-element-d5d612f pbmit-bg-color-over-image\" data-id=\"d5d612f\" data-element_type=\"column\" data-e-type=\"column\">\n\t\t\t<div class=\"elementor-widget-wrap\">\n\t\t\t\t\t\t\t<\/div>\n\t\t<\/div>\n\t\t\t\t\t<\/div>\n\t\t<\/section>\n\t\t\t\t<\/div>\n\t\t","protected":false},"excerpt":{"rendered":"<p>\u0637\u0628\u064a\u0628 \u064a\u0639\u0645\u0644 Dr. C\u00fcneyd Sevin\u00e7 \u0639\u0646 \u0648\u0644\u062f \u0627\u0644\u062f\u0643\u062a\u0648\u0631 \u062c\u0646\u064a\u062f \u0633\u064a\u0641\u064a\u0646\u062a\u0634 \u0641\u064a \u0645\u062f\u064a\u0646\u0629 \u0633\u0627\u0645\u0633\u0648\u0646 \u0639\u0627\u0645 1972. \u0648\u0647\u0648 \u0645\u062a\u0632\u0648\u062c \u0648\u0644\u062f\u064a\u0647 \u0637\u0641\u0644\u064a\u0646. \u0628\u0639\u062f \u0623\u0646 \u0623\u0643\u0645\u0644 \u062a\u0639\u0644\u064a\u0645\u0647 \u0627\u0644\u0627\u0628\u062a\u062f\u0627\u0626\u064a \u0648\u0627\u0644\u062b\u0627\u0646\u0648\u064a \u0641\u064a \u0633\u0627\u0645\u0633\u0648\u0646\u060c \u062a\u062e\u0631\u062c \u0645\u0646 \u0643\u0644\u064a\u0629 \u0627\u0644\u0637\u0628 \u0628\u062c\u0627\u0645\u0639\u0629 \u0647\u0627\u062c\u064a\u062a\u064a\u0628\u064a \u0628\u0627\u0644\u0644\u063a\u0629 \u0627\u0644\u0625\u0646\u062c\u0644\u064a\u0632\u064a\u0629 \u0641\u064a \u0639\u0627\u0645 1997. \u0641\u064a \u0639\u0627\u0645 2002\u060c \u0623\u0643\u0645\u0644 \u062a\u062e\u0635\u0635\u0647 \u0641\u064a \u062c\u0631\u0627\u062d\u0629 \u0627\u0644\u0645\u0633\u0627\u0644\u0643 \u0627\u0644\u0628\u0648\u0644\u064a\u0629 \u0641\u064a \u0645\u0633\u062a\u0634\u0641\u0649 SB Okmeydan\u0131 \u0644\u0644\u062a\u062f\u0631\u064a\u0628 \u0648\u0627\u0644\u0628\u062d\u062b \u0648\u0623\u0635\u0628\u062d \u0637\u0628\u064a\u0628\u064b\u0627 [&hellip;]<\/p>\n","protected":false},"author":1,"featured_media":0,"parent":0,"menu_order":0,"comment_status":"closed","ping_status":"closed","template":"","meta":{"_acf_changed":false,"inline_featured_image":false,"_joinchat":[],"footnotes":""},"class_list":["post-911","page","type-page","status-publish","hentry"],"acf":[],"_links":{"self":[{"href":"https:\/\/drcuneydsevinc.com\/ar\/wp-json\/wp\/v2\/pages\/911","targetHints":{"allow":["GET"]}}],"collection":[{"href":"https:\/\/drcuneydsevinc.com\/ar\/wp-json\/wp\/v2\/pages"}],"about":[{"href":"https:\/\/drcuneydsevinc.com\/ar\/wp-json\/wp\/v2\/types\/page"}],"author":[{"embeddable":true,"href":"https:\/\/drcuneydsevinc.com\/ar\/wp-json\/wp\/v2\/users\/1"}],"replies":[{"embeddable":true,"href":"https:\/\/drcuneydsevinc.com\/ar\/wp-json\/wp\/v2\/comments?post=911"}],"version-history":[{"count":1,"href":"https:\/\/drcuneydsevinc.com\/ar\/wp-json\/wp\/v2\/pages\/911\/revisions"}],"predecessor-version":[{"id":912,"href":"https:\/\/drcuneydsevinc.com\/ar\/wp-json\/wp\/v2\/pages\/911\/revisions\/912"}],"wp:attachment":[{"href":"https:\/\/drcuneydsevinc.com\/ar\/wp-json\/wp\/v2\/media?parent=911"}],"curies":[{"name":"wp","href":"https:\/\/api.w.org\/{rel}","templated":true}]}}